{"id":6213,"date":"2022-02-28T18:59:20","date_gmt":"2022-02-28T17:59:20","guid":{"rendered":"https:\/\/marcris.net\/producto\/b-complex-plus-60-vcaps\/"},"modified":"2023-07-14T09:45:42","modified_gmt":"2023-07-14T07:45:42","slug":"b-complex-plus-60-vcaps","status":"publish","type":"product","link":"https:\/\/marcris.net\/en\/producto\/b-complex-plus-60-vcaps\/","title":{"rendered":"B Complex Plus. 60 Vcaps"},"content":{"rendered":"<p><strong>PRESENTATION<\/strong>: NET QUANTITY: 60 VCAPS of 978 mg<\/p>\n<p><strong>INGREDIENTS<\/strong>: VITAMIN B3 \u00e2 Nicotinamide, INOSITOL, VITAMIN B1 Thiamine Hd, VITAMIN C &#8211; Calcium Ascorbate 80%, ZINC Gluconate, VITAMIN B2 \u00e2 Riboflavin, VITAMIN B6 &#8211; Pyridoxine Hydrochloride, VITAMIN D3 \u00e2 Cholecalciferol, VITAMIN B5 &#8211; Calcium D-Pantothenate, VITAMIN B12 &#8211; Cyanocobalamin, VITAMIN B9 &#8211; Folic Acid (Pteroylmonoglutamic Acid), Sodium Selenite.<\/p>\n<p><strong>TRADITIONAL USE OF ITS COMPONENTS<\/strong>:<\/p>\n<p>Maintain emotional and mental health, depression, anxiety.<\/p>\n<p>Helps maintain healthy nerves, skin, eyes, hair, mouth, liver and muscle tone.<\/p>\n<p>In the tract it facilitates the digestion and absorption of carbohydrates, proteins and fats.<\/p>\n<p>In the stomach, B vitamins stimulate the release and control of gastric juice, aiding digestion and absorption of nutrients.<\/p>\n<p>It also has a satiating effect on appetite regulation.<\/p>\n<p>INSTRUCTIONS <strong>FOR USE<\/strong>: Take 2 capsules daily. Store in a cool, dry place Keep out of the reach of children<\/p>\n<table border=\"0\" width=\"488\" cellspacing=\"0\" cellpadding=\"0\">\n<colgroup>\n<col>\n<col>\n<col> <\/colgroup>\n<tbody>\n<tr>\n<td height=\"17\">Amount provided per daily dose (2 Vegicaps)<\/td>\n<td><\/td>\n<td><\/td>\n<\/tr>\n<tr>\n<td height=\"48\">Active ingredients<\/td>\n<td>NRV<\/td>\n<td>  mg\/dose (2 Vcaps)<\/td>\n<\/tr>\n<tr>\n<td height=\"17\">VITAMIN B3 &#8211; Nicotinamide<\/td>\n<td>3125 %<\/td>\n<td>500,00<\/td>\n<\/tr>\n<tr>\n<td height=\"17\">INOSITOL<\/td>\n<td><\/td>\n<td>500,00<\/td>\n<\/tr>\n<tr>\n<td height=\"17\">VITAMIN B1 &#8211; Thiamin Hd<\/td>\n<td>79 %<\/td>\n<td>284,81<\/td>\n<\/tr>\n<tr>\n<td height=\"17\">VITAMIN C &#8211; Calcium Ascorbate 80%.<\/td>\n<td>250 %<\/td>\n<td>250,00<\/td>\n<\/tr>\n<tr>\n<td height=\"17\">ZINC Gluconate<\/td>\n<td>60 %<\/td>\n<td>45,00<\/td>\n<\/tr>\n<tr>\n<td height=\"17\">VITAMIN B2 &#8211; Riboflavin<\/td>\n<td>2678 %<\/td>\n<td>37,50<\/td>\n<\/tr>\n<tr>\n<td height=\"17\">VITAMIN B6 &#8211; Pyridoxine Hydrochloride<\/td>\n<td>1758 %<\/td>\n<td>30,48<\/td>\n<\/tr>\n<tr>\n<td height=\"17\">VITAMIN D3 &#8211; Cholecalciferol 100.000 ui\/g 20,0000 10,00<\/td>\n<td>1000 %<\/td>\n<td>20,00<\/td>\n<\/tr>\n<tr>\n<td height=\"17\">VITAMIN B5 &#8211; D-Calcium pantothenate<\/td>\n<td>300 %<\/td>\n<td>19,46<\/td>\n<\/tr>\n<tr>\n<td height=\"17\">VITAMIN B12 &#8211; Cyanocobalamine<\/td>\n<td>3000 %<\/td>\n<td>7,50<\/td>\n<\/tr>\n<tr>\n<td height=\"17\">VITAMIN B9 &#8211; Folic Acid (Pteroylmonoglutamic Acid)<\/td>\n<td>100 %<\/td>\n<td>0,20<\/td>\n<\/tr>\n<tr>\n<td height=\"17\">Sodium Selenite<\/td>\n<td>165 %<\/td>\n<td>0,20<\/td>\n<\/tr>\n<tr>\n<td height=\"17\">*NRV- Nutrient Reference Value<\/td>\n<td><\/td>\n<td><\/td>\n<\/tr>\n<\/tbody>\n<\/table>\n<p>&nbsp;<\/p>\n<p>&nbsp;<\/p>\n","protected":false},"excerpt":{"rendered":"<p><span style=\"color: #393a37;\"><strong><span style=\"font-size: 14px;\"><span style=\"font-family: verdana,arial,helvetica;\">B COMPLEX PLUS<\/span><\/span><\/strong><\/span><\/p>\n<p><strong>Formula designed for the maintenance of brain and nervous system function. In episodes of stress it helps to maintain physical, mental and emotional order.<\/strong><\/p>\n<p><span style=\"color: #393a37;\"><strong><span style=\"font-size: 14px;\"><span style=\"font-family: verdana,arial,helvetica;\"> <\/span><\/span><\/strong><\/span><\/p>\n<p><span style=\"color: #f0830f;\"><span style=\"font-family: verdana,arial,helvetica;\"> <\/span><\/span><\/p>\n","protected":false},"featured_media":5899,"comment_status":"closed","ping_status":"closed","template":"","meta":{"_et_pb_use_builder":"","_et_pb_old_content":"","_et_gb_content_width":"","_joinchat":[]},"product_cat":[205,212,202],"product_tag":[],"class_list":{"0":"post-6213","1":"product","2":"type-product","3":"status-publish","4":"has-post-thumbnail","6":"product_cat-04-supplements-for-pathologies","7":"product_cat-04-7-nervous-system","8":"product_cat-03-dietary-supplements","9":"pa_capsulas-60-en","10":"pa_marca-nature-kare-wellness","12":"first","13":"instock","14":"purchasable","15":"product-type-simple"},"yoast_head":"<!-- This site is optimized with the Yoast SEO plugin v23.8 - https:\/\/yoast.com\/wordpress\/plugins\/seo\/ -->\n<title>B Complex Plus. 60 Vcaps - MARCRIS<\/title>\n<meta name=\"robots\" content=\"index, follow, max-snippet:-1, max-image-preview:large, max-video-preview:-1\" \/>\n<link rel=\"canonical\" href=\"https:\/\/marcris.net\/producto\/b-complex-plus-60-vcaps\/\" \/>\n<meta property=\"og:locale\" content=\"en_US\" \/>\n<meta property=\"og:type\" content=\"article\" \/>\n<meta property=\"og:title\" content=\"B Complex Plus. 60 Vcaps - MARCRIS\" \/>\n<meta property=\"og:description\" content=\"B COMPLEX PLUS Formula designed for the maintenance of brain and nervous system function. In episodes of stress it helps to maintain physical, mental and emotional order.\" \/>\n<meta property=\"og:url\" content=\"https:\/\/marcris.net\/producto\/b-complex-plus-60-vcaps\/\" \/>\n<meta property=\"og:site_name\" content=\"MARCRIS\" \/>\n<meta property=\"article:modified_time\" content=\"2023-07-14T07:45:42+00:00\" \/>\n<meta property=\"og:image\" content=\"https:\/\/marcris.net\/wp-content\/uploads\/2022\/02\/IMG_1192_1_ml.jpg\" \/>\n\t<meta property=\"og:image:width\" content=\"450\" \/>\n\t<meta property=\"og:image:height\" content=\"1000\" \/>\n\t<meta property=\"og:image:type\" content=\"image\/jpeg\" \/>\n<meta name=\"twitter:card\" content=\"summary_large_image\" \/>\n<meta name=\"twitter:label1\" content=\"Est. reading time\" \/>\n\t<meta name=\"twitter:data1\" content=\"1 minute\" \/>\n<script type=\"application\/ld+json\" class=\"yoast-schema-graph\">{\"@context\":\"https:\/\/schema.org\",\"@graph\":[{\"@type\":\"WebPage\",\"@id\":\"https:\/\/marcris.net\/producto\/b-complex-plus-60-vcaps\/\",\"url\":\"https:\/\/marcris.net\/producto\/b-complex-plus-60-vcaps\/\",\"name\":\"B Complex Plus. 60 Vcaps - MARCRIS\",\"isPartOf\":{\"@id\":\"https:\/\/marcris.net\/en\/#website\"},\"primaryImageOfPage\":{\"@id\":\"https:\/\/marcris.net\/producto\/b-complex-plus-60-vcaps\/#primaryimage\"},\"image\":{\"@id\":\"https:\/\/marcris.net\/producto\/b-complex-plus-60-vcaps\/#primaryimage\"},\"thumbnailUrl\":\"https:\/\/marcris.net\/wp-content\/uploads\/2022\/02\/IMG_1192_1_ml.jpg\",\"datePublished\":\"2022-02-28T17:59:20+00:00\",\"dateModified\":\"2023-07-14T07:45:42+00:00\",\"breadcrumb\":{\"@id\":\"https:\/\/marcris.net\/producto\/b-complex-plus-60-vcaps\/#breadcrumb\"},\"inLanguage\":\"en-US\",\"potentialAction\":[{\"@type\":\"ReadAction\",\"target\":[\"https:\/\/marcris.net\/producto\/b-complex-plus-60-vcaps\/\"]}]},{\"@type\":\"ImageObject\",\"inLanguage\":\"en-US\",\"@id\":\"https:\/\/marcris.net\/producto\/b-complex-plus-60-vcaps\/#primaryimage\",\"url\":\"https:\/\/marcris.net\/wp-content\/uploads\/2022\/02\/IMG_1192_1_ml.jpg\",\"contentUrl\":\"https:\/\/marcris.net\/wp-content\/uploads\/2022\/02\/IMG_1192_1_ml.jpg\",\"width\":450,\"height\":1000},{\"@type\":\"BreadcrumbList\",\"@id\":\"https:\/\/marcris.net\/producto\/b-complex-plus-60-vcaps\/#breadcrumb\",\"itemListElement\":[{\"@type\":\"ListItem\",\"position\":1,\"name\":\"Portada\",\"item\":\"https:\/\/marcris.net\/en\/\"},{\"@type\":\"ListItem\",\"position\":2,\"name\":\"Tienda\",\"item\":\"https:\/\/marcris.net\/tienda\/\"},{\"@type\":\"ListItem\",\"position\":3,\"name\":\"B Complex Plus. 60 Vcaps\"}]},{\"@type\":\"WebSite\",\"@id\":\"https:\/\/marcris.net\/en\/#website\",\"url\":\"https:\/\/marcris.net\/en\/\",\"name\":\"MARCRIS\",\"description\":\"por lo natural\",\"publisher\":{\"@id\":\"https:\/\/marcris.net\/en\/#organization\"},\"potentialAction\":[{\"@type\":\"SearchAction\",\"target\":{\"@type\":\"EntryPoint\",\"urlTemplate\":\"https:\/\/marcris.net\/en\/?s={search_term_string}\"},\"query-input\":{\"@type\":\"PropertyValueSpecification\",\"valueRequired\":true,\"valueName\":\"search_term_string\"}}],\"inLanguage\":\"en-US\"},{\"@type\":\"Organization\",\"@id\":\"https:\/\/marcris.net\/en\/#organization\",\"name\":\"MARCRIS\",\"url\":\"https:\/\/marcris.net\/en\/\",\"logo\":{\"@type\":\"ImageObject\",\"inLanguage\":\"en-US\",\"@id\":\"https:\/\/marcris.net\/en\/#\/schema\/logo\/image\/\",\"url\":\"https:\/\/marcris.net\/wp-content\/uploads\/2022\/05\/Imagen-MARCRIS-FAMPAGE.jpg\",\"contentUrl\":\"https:\/\/marcris.net\/wp-content\/uploads\/2022\/05\/Imagen-MARCRIS-FAMPAGE.jpg\",\"width\":960,\"height\":856,\"caption\":\"MARCRIS\"},\"image\":{\"@id\":\"https:\/\/marcris.net\/en\/#\/schema\/logo\/image\/\"},\"sameAs\":[\"https:\/\/www.instagram.com\/marcris_porlonatural\/\"]}]}<\/script>\n<!-- \/ Yoast SEO plugin. -->","yoast_head_json":{"title":"B Complex Plus. 60 Vcaps - MARCRIS","robots":{"index":"index","follow":"follow","max-snippet":"max-snippet:-1","max-image-preview":"max-image-preview:large","max-video-preview":"max-video-preview:-1"},"canonical":"https:\/\/marcris.net\/producto\/b-complex-plus-60-vcaps\/","og_locale":"en_US","og_type":"article","og_title":"B Complex Plus. 60 Vcaps - MARCRIS","og_description":"B COMPLEX PLUS Formula designed for the maintenance of brain and nervous system function. In episodes of stress it helps to maintain physical, mental and emotional order.","og_url":"https:\/\/marcris.net\/producto\/b-complex-plus-60-vcaps\/","og_site_name":"MARCRIS","article_modified_time":"2023-07-14T07:45:42+00:00","og_image":[{"width":450,"height":1000,"url":"https:\/\/marcris.net\/wp-content\/uploads\/2022\/02\/IMG_1192_1_ml.jpg","type":"image\/jpeg"}],"twitter_card":"summary_large_image","twitter_misc":{"Est. reading time":"1 minute"},"schema":{"@context":"https:\/\/schema.org","@graph":[{"@type":"WebPage","@id":"https:\/\/marcris.net\/producto\/b-complex-plus-60-vcaps\/","url":"https:\/\/marcris.net\/producto\/b-complex-plus-60-vcaps\/","name":"B Complex Plus. 60 Vcaps - MARCRIS","isPartOf":{"@id":"https:\/\/marcris.net\/en\/#website"},"primaryImageOfPage":{"@id":"https:\/\/marcris.net\/producto\/b-complex-plus-60-vcaps\/#primaryimage"},"image":{"@id":"https:\/\/marcris.net\/producto\/b-complex-plus-60-vcaps\/#primaryimage"},"thumbnailUrl":"https:\/\/marcris.net\/wp-content\/uploads\/2022\/02\/IMG_1192_1_ml.jpg","datePublished":"2022-02-28T17:59:20+00:00","dateModified":"2023-07-14T07:45:42+00:00","breadcrumb":{"@id":"https:\/\/marcris.net\/producto\/b-complex-plus-60-vcaps\/#breadcrumb"},"inLanguage":"en-US","potentialAction":[{"@type":"ReadAction","target":["https:\/\/marcris.net\/producto\/b-complex-plus-60-vcaps\/"]}]},{"@type":"ImageObject","inLanguage":"en-US","@id":"https:\/\/marcris.net\/producto\/b-complex-plus-60-vcaps\/#primaryimage","url":"https:\/\/marcris.net\/wp-content\/uploads\/2022\/02\/IMG_1192_1_ml.jpg","contentUrl":"https:\/\/marcris.net\/wp-content\/uploads\/2022\/02\/IMG_1192_1_ml.jpg","width":450,"height":1000},{"@type":"BreadcrumbList","@id":"https:\/\/marcris.net\/producto\/b-complex-plus-60-vcaps\/#breadcrumb","itemListElement":[{"@type":"ListItem","position":1,"name":"Portada","item":"https:\/\/marcris.net\/en\/"},{"@type":"ListItem","position":2,"name":"Tienda","item":"https:\/\/marcris.net\/tienda\/"},{"@type":"ListItem","position":3,"name":"B Complex Plus. 60 Vcaps"}]},{"@type":"WebSite","@id":"https:\/\/marcris.net\/en\/#website","url":"https:\/\/marcris.net\/en\/","name":"MARCRIS","description":"por lo natural","publisher":{"@id":"https:\/\/marcris.net\/en\/#organization"},"potentialAction":[{"@type":"SearchAction","target":{"@type":"EntryPoint","urlTemplate":"https:\/\/marcris.net\/en\/?s={search_term_string}"},"query-input":{"@type":"PropertyValueSpecification","valueRequired":true,"valueName":"search_term_string"}}],"inLanguage":"en-US"},{"@type":"Organization","@id":"https:\/\/marcris.net\/en\/#organization","name":"MARCRIS","url":"https:\/\/marcris.net\/en\/","logo":{"@type":"ImageObject","inLanguage":"en-US","@id":"https:\/\/marcris.net\/en\/#\/schema\/logo\/image\/","url":"https:\/\/marcris.net\/wp-content\/uploads\/2022\/05\/Imagen-MARCRIS-FAMPAGE.jpg","contentUrl":"https:\/\/marcris.net\/wp-content\/uploads\/2022\/05\/Imagen-MARCRIS-FAMPAGE.jpg","width":960,"height":856,"caption":"MARCRIS"},"image":{"@id":"https:\/\/marcris.net\/en\/#\/schema\/logo\/image\/"},"sameAs":["https:\/\/www.instagram.com\/marcris_porlonatural\/"]}]}},"jetpack_sharing_enabled":true,"_links":{"self":[{"href":"https:\/\/marcris.net\/en\/wp-json\/wp\/v2\/product\/6213","targetHints":{"allow":["GET"]}}],"collection":[{"href":"https:\/\/marcris.net\/en\/wp-json\/wp\/v2\/product"}],"about":[{"href":"https:\/\/marcris.net\/en\/wp-json\/wp\/v2\/types\/product"}],"replies":[{"embeddable":true,"href":"https:\/\/marcris.net\/en\/wp-json\/wp\/v2\/comments?post=6213"}],"wp:featuredmedia":[{"embeddable":true,"href":"https:\/\/marcris.net\/en\/wp-json\/wp\/v2\/media\/5899"}],"wp:attachment":[{"href":"https:\/\/marcris.net\/en\/wp-json\/wp\/v2\/media?parent=6213"}],"wp:term":[{"taxonomy":"product_cat","embeddable":true,"href":"https:\/\/marcris.net\/en\/wp-json\/wp\/v2\/product_cat?post=6213"},{"taxonomy":"product_tag","embeddable":true,"href":"https:\/\/marcris.net\/en\/wp-json\/wp\/v2\/product_tag?post=6213"}],"curies":[{"name":"wp","href":"https:\/\/api.w.org\/{rel}","templated":true}]}}